{"id":314,"date":"2021-11-15T00:18:33","date_gmt":"2021-11-14T21:18:33","guid":{"rendered":"http:\/\/www.nergizkultursanat.com\/?page_id=314"},"modified":"2021-11-15T00:18:34","modified_gmt":"2021-11-14T21:18:34","slug":"salon-3-cok-amacli","status":"publish","type":"page","link":"http:\/\/www.nergizkultursanat.com\/?page_id=314","title":{"rendered":"Salon-3 (\u00c7ok Ama\u00e7l\u0131)"},"content":{"rendered":"","protected":false},"excerpt":{"rendered":"","protected":false},"author":1,"featured_media":0,"parent":0,"menu_order":0,"comment_status":"closed","ping_status":"closed","template":"","meta":{"_price":"","_stock":"","_tribe_ticket_header":"","_tribe_default_ticket_provider":"","_tribe_ticket_capacity":"0","_ticket_start_date":"","_ticket_end_date":"","_tribe_ticket_show_description":"","_tribe_ticket_show_not_going":false,"_tribe_ticket_use_global_stock":"","_tribe_ticket_global_stock_level":"","_global_stock_mode":"","_global_stock_cap":"","_tribe_rsvp_for_event":"","_tribe_ticket_going_count":"","_tribe_ticket_not_going_count":"","_tribe_tickets_list":[],"_tribe_ticket_has_attendee_info_fields":false,"footnotes":""},"class_list":["post-314","page","type-page","status-publish","hentry"],"ticketed":false,"_links":{"self":[{"href":"http:\/\/www.nergizkultursanat.com\/index.php?rest_route=\/wp\/v2\/pages\/314","targetHints":{"allow":["GET"]}}],"collection":[{"href":"http:\/\/www.nergizkultursanat.com\/index.php?rest_route=\/wp\/v2\/pages"}],"about":[{"href":"http:\/\/www.nergizkultursanat.com\/index.php?rest_route=\/wp\/v2\/types\/page"}],"author":[{"embeddable":true,"href":"http:\/\/www.nergizkultursanat.com\/index.php?rest_route=\/wp\/v2\/users\/1"}],"replies":[{"embeddable":true,"href":"http:\/\/www.nergizkultursanat.com\/index.php?rest_route=%2Fwp%2Fv2%2Fcomments&post=314"}],"version-history":[{"count":1,"href":"http:\/\/www.nergizkultursanat.com\/index.php?rest_route=\/wp\/v2\/pages\/314\/revisions"}],"predecessor-version":[{"id":315,"href":"http:\/\/www.nergizkultursanat.com\/index.php?rest_route=\/wp\/v2\/pages\/314\/revisions\/315"}],"wp:attachment":[{"href":"http:\/\/www.nergizkultursanat.com\/index.php?rest_route=%2Fwp%2Fv2%2Fmedia&parent=314"}],"curies":[{"name":"wp","href":"https:\/\/api.w.org\/{rel}","templated":true}]}}