{"id":401,"date":"2022-01-01T12:04:27","date_gmt":"2022-01-01T09:04:27","guid":{"rendered":"http:\/\/www.nergizkultursanat.com\/?page_id=401"},"modified":"2022-01-01T12:38:06","modified_gmt":"2022-01-01T09:38:06","slug":"is-adresi","status":"publish","type":"page","link":"http:\/\/www.nergizkultursanat.com\/?page_id=401","title":{"rendered":"\u0130\u015f Adresi"},"content":{"rendered":"\n<p>\u0130\u015fletmelerini profesyonelle\u015ftirmek ya da di\u011fer \u015fehir veya \u00fclkelere geni\u015fletmek isteyen \u015firketler i\u00e7in idealdir.&nbsp;<\/p>\n\n\n\n<div class=\"\" data-col=\"2\"><ul class=\"wp-block-list\"><li>Posta y\u00f6netimi&nbsp;<\/li><li>Profesyonel i\u015f adresi&nbsp;<\/li><\/ul><\/div>\n\n\n\n<p>*** 500 TL<\/p>\n\n\n\n<pre class=\"wp-block-code\"><code>&lt;script type=\"text\/javascript\" src=\"https:\/\/form.jotform.com\/jsform\/220001774824044\">&lt;\/script><\/code><\/pre>\n","protected":false},"excerpt":{"rendered":"<p>\u0130\u015fletmelerini profesyonelle\u015ftirmek ya da di\u011fer \u015fehir veya \u00fclkelere geni\u015fletmek isteyen \u015firketler i\u00e7in idealdir.&nbsp; Posta y\u00f6netimi&nbsp; Profesyonel i\u015f adresi&nbsp; *** 500 TL<\/p>\n","protected":false},"author":1,"featured_media":0,"parent":0,"menu_order":0,"comment_status":"closed","ping_status":"closed","template":"","meta":{"_price":"","_stock":"","_tribe_ticket_header":"","_tribe_default_ticket_provider":"","_tribe_ticket_capacity":"0","_ticket_start_date":"","_ticket_end_date":"","_tribe_ticket_show_description":"","_tribe_ticket_show_not_going":false,"_tribe_ticket_use_global_stock":"","_tribe_ticket_global_stock_level":"","_global_stock_mode":"","_global_stock_cap":"","_tribe_rsvp_for_event":"","_tribe_ticket_going_count":"","_tribe_ticket_not_going_count":"","_tribe_tickets_list":[],"_tribe_ticket_has_attendee_info_fields":false,"footnotes":""},"class_list":["post-401","page","type-page","status-publish","hentry"],"ticketed":false,"_links":{"self":[{"href":"http:\/\/www.nergizkultursanat.com\/index.php?rest_route=\/wp\/v2\/pages\/401","targetHints":{"allow":["GET"]}}],"collection":[{"href":"http:\/\/www.nergizkultursanat.com\/index.php?rest_route=\/wp\/v2\/pages"}],"about":[{"href":"http:\/\/www.nergizkultursanat.com\/index.php?rest_route=\/wp\/v2\/types\/page"}],"author":[{"embeddable":true,"href":"http:\/\/www.nergizkultursanat.com\/index.php?rest_route=\/wp\/v2\/users\/1"}],"replies":[{"embeddable":true,"href":"http:\/\/www.nergizkultursanat.com\/index.php?rest_route=%2Fwp%2Fv2%2Fcomments&post=401"}],"version-history":[{"count":3,"href":"http:\/\/www.nergizkultursanat.com\/index.php?rest_route=\/wp\/v2\/pages\/401\/revisions"}],"predecessor-version":[{"id":425,"href":"http:\/\/www.nergizkultursanat.com\/index.php?rest_route=\/wp\/v2\/pages\/401\/revisions\/425"}],"wp:attachment":[{"href":"http:\/\/www.nergizkultursanat.com\/index.php?rest_route=%2Fwp%2Fv2%2Fmedia&parent=401"}],"curies":[{"name":"wp","href":"https:\/\/api.w.org\/{rel}","templated":true}]}}