{"id":403,"date":"2022-01-01T12:08:16","date_gmt":"2022-01-01T09:08:16","guid":{"rendered":"http:\/\/www.nergizkultursanat.com\/?page_id=403"},"modified":"2022-01-01T12:39:40","modified_gmt":"2022-01-01T09:39:40","slug":"sanal-ofis-plus","status":"publish","type":"page","link":"http:\/\/www.nergizkultursanat.com\/?page_id=403","title":{"rendered":"Sanal Ofis Plus"},"content":{"rendered":"\n<div class=\"\" data-col=\"2\"><ul class=\"wp-block-list\"><li>G\u00fcnl\u00fck Toplant\u0131 Odas\u0131 Kullan\u0131m\u0131<\/li><li>\u00c7al\u0131\u015fmak, m\u00fc\u015fterileriyle bir araya gelmek veya m\u00fclakat yapmak amac\u0131yla belirli aral\u0131klarla \u00f6zel bir ofis kullanmay\u0131 isteyen ancak tam zamanl\u0131 bir ofise ya da ortak \u00e7al\u0131\u015fma alan\u0131na haz\u0131r olmayan i\u015fletmeler i\u00e7in idealdir.<\/li><li>Cafeterya Hizmetlerinden Yararlanma<\/li><\/ul><\/div>\n\n\n\n<p>*** 1250 TL<\/p>\n\n\n\n<pre class=\"wp-block-code\"><code>&lt;script type=\"text\/javascript\" src=\"https:\/\/form.jotform.com\/jsform\/220001774824044\">&lt;\/script><\/code><\/pre>\n","protected":false},"excerpt":{"rendered":"<p>G\u00fcnl\u00fck Toplant\u0131 Odas\u0131 Kullan\u0131m\u0131 \u00c7al\u0131\u015fmak, m\u00fc\u015fterileriyle bir araya gelmek veya m\u00fclakat yapmak amac\u0131yla belirli aral\u0131klarla \u00f6zel bir ofis kullanmay\u0131 isteyen ancak tam zamanl\u0131 bir ofise ya da ortak \u00e7al\u0131\u015fma alan\u0131na haz\u0131r olmayan i\u015fletmeler i\u00e7in idealdir. Cafeterya Hizmetlerinden Yararlanma *** 1250 TL<\/p>\n","protected":false},"author":1,"featured_media":0,"parent":0,"menu_order":0,"comment_status":"closed","ping_status":"closed","template":"","meta":{"_price":"","_stock":"","_tribe_ticket_header":"","_tribe_default_ticket_provider":"","_tribe_ticket_capacity":"0","_ticket_start_date":"","_ticket_end_date":"","_tribe_ticket_show_description":"","_tribe_ticket_show_not_going":false,"_tribe_ticket_use_global_stock":"","_tribe_ticket_global_stock_level":"","_global_stock_mode":"","_global_stock_cap":"","_tribe_rsvp_for_event":"","_tribe_ticket_going_count":"","_tribe_ticket_not_going_count":"","_tribe_tickets_list":[],"_tribe_ticket_has_attendee_info_fields":false,"footnotes":""},"class_list":["post-403","page","type-page","status-publish","hentry"],"ticketed":false,"_links":{"self":[{"href":"http:\/\/www.nergizkultursanat.com\/index.php?rest_route=\/wp\/v2\/pages\/403","targetHints":{"allow":["GET"]}}],"collection":[{"href":"http:\/\/www.nergizkultursanat.com\/index.php?rest_route=\/wp\/v2\/pages"}],"about":[{"href":"http:\/\/www.nergizkultursanat.com\/index.php?rest_route=\/wp\/v2\/types\/page"}],"author":[{"embeddable":true,"href":"http:\/\/www.nergizkultursanat.com\/index.php?rest_route=\/wp\/v2\/users\/1"}],"replies":[{"embeddable":true,"href":"http:\/\/www.nergizkultursanat.com\/index.php?rest_route=%2Fwp%2Fv2%2Fcomments&post=403"}],"version-history":[{"count":4,"href":"http:\/\/www.nergizkultursanat.com\/index.php?rest_route=\/wp\/v2\/pages\/403\/revisions"}],"predecessor-version":[{"id":427,"href":"http:\/\/www.nergizkultursanat.com\/index.php?rest_route=\/wp\/v2\/pages\/403\/revisions\/427"}],"wp:attachment":[{"href":"http:\/\/www.nergizkultursanat.com\/index.php?rest_route=%2Fwp%2Fv2%2Fmedia&parent=403"}],"curies":[{"name":"wp","href":"https:\/\/api.w.org\/{rel}","templated":true}]}}