{"id":406,"date":"2022-01-01T12:10:16","date_gmt":"2022-01-01T09:10:16","guid":{"rendered":"http:\/\/www.nergizkultursanat.com\/?page_id=406"},"modified":"2022-01-01T12:38:55","modified_gmt":"2022-01-01T09:38:55","slug":"sanal-ofis","status":"publish","type":"page","link":"http:\/\/www.nergizkultursanat.com\/?page_id=406","title":{"rendered":"Sanal Ofis"},"content":{"rendered":"\n<p>En pop\u00fcler plan\u0131m\u0131z, i\u015f adresi ve profesyonel telefon hizmetine ihtiyac\u0131 olan i\u015fletmeler i\u00e7in idealdir.&nbsp;<\/p>\n\n\n\n<div class=\"\" data-col=\"2\"><ul class=\"wp-block-list\"><li>\u0130\u015f Adresinin T\u00fcm\u00fc&nbsp;<\/li><li>Resepsiyon G\u00f6revlisi Hizmetleri&nbsp;<\/li><li>\u00c7al\u0131\u015fma Alan\u0131 Eri\u015fimi&nbsp;<\/li><\/ul><\/div>\n\n\n\n<p>*** 750 TL<\/p>\n\n\n\n<pre class=\"wp-block-code\"><code>&lt;script type=\"text\/javascript\" src=\"https:\/\/form.jotform.com\/jsform\/220001774824044\">&lt;\/script><\/code><\/pre>\n\n\n\n<p><\/p>\n","protected":false},"excerpt":{"rendered":"<p>En pop\u00fcler plan\u0131m\u0131z, i\u015f adresi ve profesyonel telefon hizmetine ihtiyac\u0131 olan i\u015fletmeler i\u00e7in idealdir.&nbsp; \u0130\u015f Adresinin T\u00fcm\u00fc&nbsp; Resepsiyon G\u00f6revlisi Hizmetleri&nbsp; \u00c7al\u0131\u015fma Alan\u0131 Eri\u015fimi&nbsp; *** 750 TL<\/p>\n","protected":false},"author":1,"featured_media":0,"parent":0,"menu_order":0,"comment_status":"closed","ping_status":"closed","template":"","meta":{"_price":"","_stock":"","_tribe_ticket_header":"","_tribe_default_ticket_provider":"","_tribe_ticket_capacity":"0","_ticket_start_date":"","_ticket_end_date":"","_tribe_ticket_show_description":"","_tribe_ticket_show_not_going":false,"_tribe_ticket_use_global_stock":"","_tribe_ticket_global_stock_level":"","_global_stock_mode":"","_global_stock_cap":"","_tribe_rsvp_for_event":"","_tribe_ticket_going_count":"","_tribe_ticket_not_going_count":"","_tribe_tickets_list":[],"_tribe_ticket_has_attendee_info_fields":false,"footnotes":""},"class_list":["post-406","page","type-page","status-publish","hentry"],"ticketed":false,"_links":{"self":[{"href":"http:\/\/www.nergizkultursanat.com\/index.php?rest_route=\/wp\/v2\/pages\/406","targetHints":{"allow":["GET"]}}],"collection":[{"href":"http:\/\/www.nergizkultursanat.com\/index.php?rest_route=\/wp\/v2\/pages"}],"about":[{"href":"http:\/\/www.nergizkultursanat.com\/index.php?rest_route=\/wp\/v2\/types\/page"}],"author":[{"embeddable":true,"href":"http:\/\/www.nergizkultursanat.com\/index.php?rest_route=\/wp\/v2\/users\/1"}],"replies":[{"embeddable":true,"href":"http:\/\/www.nergizkultursanat.com\/index.php?rest_route=%2Fwp%2Fv2%2Fcomments&post=406"}],"version-history":[{"count":2,"href":"http:\/\/www.nergizkultursanat.com\/index.php?rest_route=\/wp\/v2\/pages\/406\/revisions"}],"predecessor-version":[{"id":426,"href":"http:\/\/www.nergizkultursanat.com\/index.php?rest_route=\/wp\/v2\/pages\/406\/revisions\/426"}],"wp:attachment":[{"href":"http:\/\/www.nergizkultursanat.com\/index.php?rest_route=%2Fwp%2Fv2%2Fmedia&parent=406"}],"curies":[{"name":"wp","href":"https:\/\/api.w.org\/{rel}","templated":true}]}}