{"id":410,"date":"2022-01-01T12:13:01","date_gmt":"2022-01-01T09:13:01","guid":{"rendered":"http:\/\/www.nergizkultursanat.com\/?page_id=410"},"modified":"2022-01-01T12:37:26","modified_gmt":"2022-01-01T09:37:26","slug":"ofis-ozellikler","status":"publish","type":"page","link":"http:\/\/www.nergizkultursanat.com\/?page_id=410","title":{"rendered":"Ofis \u00d6zellikler"},"content":{"rendered":"\n<h2 class=\"wp-block-heading\">\u0130\u015fletmeniz i\u00e7in do\u011fru plan\u0131 se\u00e7in<\/h2>\n\n\n\n<figure class=\"wp-block-table\"><table><thead><tr><th><\/th><th><img decoding=\"async\" alt=\"icon\" src=\"https:\/\/www.regus.com\/tr-tr\/virtual-offices\/office-checkout-page\/assets\/images\/table-plans-opt-ba-icon.svg\">\u0130\u015f adresi<\/th><th><img decoding=\"async\" alt=\"icon\" src=\"https:\/\/www.regus.com\/tr-tr\/virtual-offices\/office-checkout-page\/assets\/images\/table-plans-opt-vo-icon.svg\">Sanal ofis<\/th><th><img decoding=\"async\" alt=\"icon\" src=\"https:\/\/www.regus.com\/tr-tr\/virtual-offices\/office-checkout-page\/assets\/images\/table-plans-opt-vo-plus-icon.svg\">Sanal ofis plus<\/th><\/tr><\/thead><tbody><tr><td><strong>\u0130\u015f Adresi Hizmetleri<\/strong><\/td><\/tr><tr><td>Profesyonel i\u015f adresi\u0130\u015fletmeniz i\u00e7in prestijli bir ger\u00e7ek adres<\/td><td><img decoding=\"async\" src=\"https:\/\/www.regus.com\/tr-tr\/virtual-offices\/office-checkout-page\/assets\/images\/table-plans-opt-check-icon.svg\" alt=\"\"><\/td><td><img decoding=\"async\" src=\"https:\/\/www.regus.com\/tr-tr\/virtual-offices\/office-checkout-page\/assets\/images\/table-plans-opt-check-icon.svg\" alt=\"\"><\/td><td><img decoding=\"async\" src=\"https:\/\/www.regus.com\/tr-tr\/virtual-offices\/office-checkout-page\/assets\/images\/table-plans-opt-check-icon.svg\" alt=\"\"><\/td><\/tr><tr><td>Posta y\u00f6netimiPostalar\u0131n\u0131z\u0131 merkezden al\u0131n veya g\u00fcnl\u00fck, haftal\u0131k ya da ayl\u0131k olarak iletilmesini isteyin<\/td><td><img decoding=\"async\" src=\"https:\/\/www.regus.com\/tr-tr\/virtual-offices\/office-checkout-page\/assets\/images\/table-plans-opt-check-icon.svg\" alt=\"\"><\/td><td><img decoding=\"async\" src=\"https:\/\/www.regus.com\/tr-tr\/virtual-offices\/office-checkout-page\/assets\/images\/table-plans-opt-check-icon.svg\" alt=\"\"><\/td><td><img decoding=\"async\" src=\"https:\/\/www.regus.com\/tr-tr\/virtual-offices\/office-checkout-page\/assets\/images\/table-plans-opt-check-icon.svg\" alt=\"\"><\/td><\/tr><tr><td>Resepsiyon G\u00f6revlisi Hizmetleri<\/td><\/tr><tr><td>Yerel telefon numaras\u0131Yerel varl\u0131\u011f\u0131n\u0131z\u0131 g\u00fc\u00e7lendirmek i\u00e7in yerel telefon numaras\u0131<\/td><td><\/td><td><img decoding=\"async\" src=\"https:\/\/www.regus.com\/tr-tr\/virtual-offices\/office-checkout-page\/assets\/images\/table-plans-opt-check-icon.svg\" alt=\"\"><\/td><td><img decoding=\"async\" src=\"https:\/\/www.regus.com\/tr-tr\/virtual-offices\/office-checkout-page\/assets\/images\/table-plans-opt-check-icon.svg\" alt=\"\"><\/td><\/tr><tr><td>Resepsiyon G\u00f6revlisi\u015eirket ad\u0131n\u0131z\u0131 kullanarak \u00e7a\u011fr\u0131lar\u0131n\u0131z\u0131 profesyonelce yan\u0131tlayacak biri<\/td><td><\/td><td><img decoding=\"async\" src=\"https:\/\/www.regus.com\/tr-tr\/virtual-offices\/office-checkout-page\/assets\/images\/table-plans-opt-check-icon.svg\" alt=\"\"><\/td><td><img decoding=\"async\" src=\"https:\/\/www.regus.com\/tr-tr\/virtual-offices\/office-checkout-page\/assets\/images\/table-plans-opt-check-icon.svg\" alt=\"\"><\/td><\/tr><tr><td>\u00c7al\u0131\u015fma Alan\u0131 Eri\u015fimi<\/td><\/tr><tr><td>S\u0131n\u0131rs\u0131z Business Lounge eri\u015fimi3.300&#8217;den fazla business lounge&#8217;a eri\u015fimle, ihtiya\u00e7 duydu\u011funuz yerde ve anda \u00e7al\u0131\u015f\u0131n<\/td><td><\/td><td><img decoding=\"async\" src=\"https:\/\/www.regus.com\/tr-tr\/virtual-offices\/office-checkout-page\/assets\/images\/table-plans-opt-check-icon.svg\" alt=\"\"><\/td><td><img decoding=\"async\" src=\"https:\/\/www.regus.com\/tr-tr\/virtual-offices\/office-checkout-page\/assets\/images\/table-plans-opt-check-icon.svg\" alt=\"\"><\/td><\/tr><tr><td>Ortak Toplant\u0131 Odas\u0131 kullan\u0131m\u0131Topluluk toplant\u0131 odas\u0131na g\u00fcnde 2 saat \u00fccretsiz eri\u015fim<\/td><td><\/td><td><img decoding=\"async\" src=\"https:\/\/www.regus.com\/tr-tr\/virtual-offices\/office-checkout-page\/assets\/images\/table-plans-opt-check-icon.svg\" alt=\"\"><\/td><td><img decoding=\"async\" src=\"https:\/\/www.regus.com\/tr-tr\/virtual-offices\/office-checkout-page\/assets\/images\/table-plans-opt-check-icon.svg\" alt=\"\"><\/td><\/tr><tr><td><\/td><td><\/td><td><\/td><td><\/td><\/tr><tr><td>Geni\u015fletilmi\u015f \u00c7al\u0131\u015fma Alan\u0131 Eri\u015fimi<\/td><\/tr><tr><td>Ofis Kullan\u0131m\u0131 Plus\u0130stedi\u011finiz merkezde 5 g\u00fcnl\u00fck ofis kullan\u0131m\u0131<\/td><td><\/td><td><\/td><td><img decoding=\"async\" src=\"https:\/\/www.regus.com\/tr-tr\/virtual-offices\/office-checkout-page\/assets\/images\/table-plans-opt-check-icon.svg\" alt=\"\"><\/td><\/tr><\/tbody><\/table><\/figure>\n\n\n\n<pre class=\"wp-block-code\"><code>&lt;script type=\"text\/javascript\" src=\"https:\/\/form.jotform.com\/jsform\/220001774824044\">&lt;\/script><\/code><\/pre>\n","protected":false},"excerpt":{"rendered":"<p>\u0130\u015fletmeniz i\u00e7in do\u011fru plan\u0131 se\u00e7in \u0130\u015f adresi Sanal ofis Sanal ofis plus \u0130\u015f Adresi Hizmetleri Profesyonel i\u015f adresi\u0130\u015fletmeniz i\u00e7in prestijli bir ger\u00e7ek adres Posta y\u00f6netimiPostalar\u0131n\u0131z\u0131 merkezden al\u0131n veya g\u00fcnl\u00fck, haftal\u0131k ya da ayl\u0131k olarak iletilmesini isteyin Resepsiyon G\u00f6revlisi Hizmetleri Yerel telefon numaras\u0131Yerel varl\u0131\u011f\u0131n\u0131z\u0131 g\u00fc\u00e7lendirmek i\u00e7in yerel telefon numaras\u0131 Resepsiyon G\u00f6revlisi\u015eirket ad\u0131n\u0131z\u0131 kullanarak \u00e7a\u011fr\u0131lar\u0131n\u0131z\u0131 profesyonelce yan\u0131tlayacak [&hellip;]<\/p>\n","protected":false},"author":1,"featured_media":0,"parent":0,"menu_order":0,"comment_status":"closed","ping_status":"closed","template":"","meta":{"_price":"","_stock":"","_tribe_ticket_header":"","_tribe_default_ticket_provider":"","_tribe_ticket_capacity":"0","_ticket_start_date":"","_ticket_end_date":"","_tribe_ticket_show_description":"","_tribe_ticket_show_not_going":false,"_tribe_ticket_use_global_stock":"","_tribe_ticket_global_stock_level":"","_global_stock_mode":"","_global_stock_cap":"","_tribe_rsvp_for_event":"","_tribe_ticket_going_count":"","_tribe_ticket_not_going_count":"","_tribe_tickets_list":[],"_tribe_ticket_has_attendee_info_fields":false,"footnotes":""},"class_list":["post-410","page","type-page","status-publish","hentry"],"ticketed":false,"_links":{"self":[{"href":"http:\/\/www.nergizkultursanat.com\/index.php?rest_route=\/wp\/v2\/pages\/410","targetHints":{"allow":["GET"]}}],"collection":[{"href":"http:\/\/www.nergizkultursanat.com\/index.php?rest_route=\/wp\/v2\/pages"}],"about":[{"href":"http:\/\/www.nergizkultursanat.com\/index.php?rest_route=\/wp\/v2\/types\/page"}],"author":[{"embeddable":true,"href":"http:\/\/www.nergizkultursanat.com\/index.php?rest_route=\/wp\/v2\/users\/1"}],"replies":[{"embeddable":true,"href":"http:\/\/www.nergizkultursanat.com\/index.php?rest_route=%2Fwp%2Fv2%2Fcomments&post=410"}],"version-history":[{"count":4,"href":"http:\/\/www.nergizkultursanat.com\/index.php?rest_route=\/wp\/v2\/pages\/410\/revisions"}],"predecessor-version":[{"id":424,"href":"http:\/\/www.nergizkultursanat.com\/index.php?rest_route=\/wp\/v2\/pages\/410\/revisions\/424"}],"wp:attachment":[{"href":"http:\/\/www.nergizkultursanat.com\/index.php?rest_route=%2Fwp%2Fv2%2Fmedia&parent=410"}],"curies":[{"name":"wp","href":"https:\/\/api.w.org\/{rel}","templated":true}]}}