{"id":432,"date":"2022-01-06T12:06:15","date_gmt":"2022-01-06T09:06:15","guid":{"rendered":"http:\/\/www.nergizkultursanat.com\/?page_id=432"},"modified":"2026-01-20T18:43:17","modified_gmt":"2026-01-20T15:43:17","slug":"seanslar","status":"publish","type":"page","link":"http:\/\/www.nergizkultursanat.com\/?page_id=432","title":{"rendered":"Seanslar"},"content":{"rendered":"\n<p>B\u0130LET ALMA \u0130\u015eLEMLER\u0130N\u0130Z\u0130 <strong>NERG\u0130Z KIZILAY G\u0130\u015eE<\/strong> veya ONL\u0130NE OLARAK <strong><a href=\"https:\/\/www.biletinial.com\" target=\"_blank\" rel=\"noreferrer noopener\" title=\"https:\/\/www.biletinial.com\">www.biletinial.com<\/a><\/strong> ve <a href=\"http:\/\/www.bubilet.com\" target=\"_blank\" rel=\"noreferrer noopener\">www.bubilet.com<\/a> , <a href=\"http:\/\/www.firsatbufirsat.com\" target=\"_blank\" rel=\"noreferrer noopener\"><strong>www.firsatbufirsat.com<\/strong><\/a> \u00fczerinden ger\u00e7ekle\u015ftirebilirsini<\/p>\n\n\n\n<div class=\"wp-block-columns is-layout-flex wp-container-core-columns-is-layout-9d6595d7 wp-block-columns-is-layout-flex\">\n<div class=\"wp-block-column is-layout-flow wp-block-column-is-layout-flow\">\n<figure class=\"wp-block-image size-large\"><img loading=\"lazy\" decoding=\"async\" width=\"733\" height=\"1024\" src=\"http:\/\/www.nergizkultursanat.com\/wp-content\/uploads\/2026\/01\/WhatsApp-Image-2026-01-20-at-16.38.47-733x1024.jpeg\" alt=\"\" class=\"wp-image-571\" srcset=\"http:\/\/www.nergizkultursanat.com\/wp-content\/uploads\/2026\/01\/WhatsApp-Image-2026-01-20-at-16.38.47-733x1024.jpeg 733w, http:\/\/www.nergizkultursanat.com\/wp-content\/uploads\/2026\/01\/WhatsApp-Image-2026-01-20-at-16.38.47-215x300.jpeg 215w, http:\/\/www.nergizkultursanat.com\/wp-content\/uploads\/2026\/01\/WhatsApp-Image-2026-01-20-at-16.38.47-768x1073.jpeg 768w, http:\/\/www.nergizkultursanat.com\/wp-content\/uploads\/2026\/01\/WhatsApp-Image-2026-01-20-at-16.38.47-1099x1536.jpeg 1099w, http:\/\/www.nergizkultursanat.com\/wp-content\/uploads\/2026\/01\/WhatsApp-Image-2026-01-20-at-16.38.47-1466x2048.jpeg 1466w, http:\/\/www.nergizkultursanat.com\/wp-content\/uploads\/2026\/01\/WhatsApp-Image-2026-01-20-at-16.38.47.jpeg 1832w\" sizes=\"auto, (max-width: 733px) 100vw, 733px\" \/><\/figure>\n\n\n\n<div class=\"wp-block-columns is-layout-flex wp-container-core-columns-is-layout-9d6595d7 wp-block-columns-is-layout-flex\">\n<div class=\"wp-block-column is-layout-flow wp-block-column-is-layout-flow\">\n<h2 class=\"wp-block-heading\">30 Ocak 2026  Saat: 20:00<\/h2>\n\n\n\n<p>Salon -1 <\/p>\n<\/div>\n<\/div>\n<\/div>\n\n\n\n<div class=\"wp-block-column is-layout-flow wp-block-column-is-layout-flow\">\n<figure class=\"wp-block-image size-large\"><img loading=\"lazy\" decoding=\"async\" width=\"683\" height=\"1024\" src=\"http:\/\/www.nergizkultursanat.com\/wp-content\/uploads\/2026\/01\/22-1-683x1024.jpeg\" alt=\"\" class=\"wp-image-583\" srcset=\"http:\/\/www.nergizkultursanat.com\/wp-content\/uploads\/2026\/01\/22-1-683x1024.jpeg 683w, http:\/\/www.nergizkultursanat.com\/wp-content\/uploads\/2026\/01\/22-1-200x300.jpeg 200w, http:\/\/www.nergizkultursanat.com\/wp-content\/uploads\/2026\/01\/22-1-768x1152.jpeg 768w, http:\/\/www.nergizkultursanat.com\/wp-content\/uploads\/2026\/01\/22-1-1024x1536.jpeg 1024w, http:\/\/www.nergizkultursanat.com\/wp-content\/uploads\/2026\/01\/22-1.jpeg 1280w\" sizes=\"auto, (max-width: 683px) 100vw, 683px\" \/><\/figure>\n\n\n\n<div class=\"wp-block-columns is-layout-flex wp-container-core-columns-is-layout-9d6595d7 wp-block-columns-is-layout-flex\">\n<div class=\"wp-block-column is-layout-flow wp-block-column-is-layout-flow\">\n<h2 class=\"wp-block-heading\">14 \u015eubat 2026  Saat : 20:00<\/h2>\n\n\n\n<p>Salon -2<\/p>\n<\/div>\n<\/div>\n<\/div>\n<\/div>\n\n\n\n<div class=\"wp-block-columns is-layout-flex wp-container-core-columns-is-layout-9d6595d7 wp-block-columns-is-layout-flex\">\n<div class=\"wp-block-column is-layout-flow wp-block-column-is-layout-flow\">\n<figure class=\"wp-block-image size-large\"><img loading=\"lazy\" decoding=\"async\" width=\"724\" height=\"1024\" src=\"http:\/\/www.nergizkultursanat.com\/wp-content\/uploads\/2026\/01\/3-724x1024.jpeg\" alt=\"\" class=\"wp-image-576\" srcset=\"http:\/\/www.nergizkultursanat.com\/wp-content\/uploads\/2026\/01\/3-724x1024.jpeg 724w, http:\/\/www.nergizkultursanat.com\/wp-content\/uploads\/2026\/01\/3-212x300.jpeg 212w, http:\/\/www.nergizkultursanat.com\/wp-content\/uploads\/2026\/01\/3-768x1086.jpeg 768w, http:\/\/www.nergizkultursanat.com\/wp-content\/uploads\/2026\/01\/3-1086x1536.jpeg 1086w, http:\/\/www.nergizkultursanat.com\/wp-content\/uploads\/2026\/01\/3.jpeg 1131w\" sizes=\"auto, (max-width: 724px) 100vw, 724px\" \/><\/figure>\n\n\n\n<p><strong>01 \u015eubat 2026 Pazar 20:00<\/strong><\/p>\n\n\n\n<p>Salon-2<\/p>\n<\/div>\n\n\n\n<div class=\"wp-block-column is-layout-flow wp-block-column-is-layout-flow\">\n<figure class=\"wp-block-image size-large\"><img loading=\"lazy\" decoding=\"async\" width=\"1240\" height=\"1754\" src=\"http:\/\/www.nergizkultursanat.com\/wp-content\/uploads\/2026\/01\/4-724x1024.jpeg\" alt=\"\" class=\"wp-image-578\" srcset=\"http:\/\/www.nergizkultursanat.com\/wp-content\/uploads\/2026\/01\/4-724x1024.jpeg 724w, http:\/\/www.nergizkultursanat.com\/wp-content\/uploads\/2026\/01\/4-212x300.jpeg 212w, http:\/\/www.nergizkultursanat.com\/wp-content\/uploads\/2026\/01\/4-768x1086.jpeg 768w, http:\/\/www.nergizkultursanat.com\/wp-content\/uploads\/2026\/01\/4-1086x1536.jpeg 1086w, http:\/\/www.nergizkultursanat.com\/wp-content\/uploads\/2026\/01\/4.jpeg 1240w\" sizes=\"auto, (max-width: 1240px) 100vw, 1240px\" \/><\/figure>\n\n\n\n<p><strong>6 &#8211; 21 &#8211; 28 \u015eubat 2026 Saat: 200<\/strong><\/p>\n\n\n\n<p>Salon &#8211; 1<\/p>\n<\/div>\n<\/div>\n\n\n\n<div class=\"wp-block-columns is-layout-flex wp-container-core-columns-is-layout-9d6595d7 wp-block-columns-is-layout-flex\">\n<div class=\"wp-block-column is-layout-flow wp-block-column-is-layout-flow\"><\/div>\n\n\n\n<div class=\"wp-block-column is-layout-flow wp-block-column-is-layout-flow\"><\/div>\n<\/div>\n\n\n\n<div class=\"wp-block-columns is-layout-flex wp-container-core-columns-is-layout-9d6595d7 wp-block-columns-is-layout-flex\">\n<div class=\"wp-block-column is-layout-flow wp-block-column-is-layout-flow\"><\/div>\n\n\n\n<div class=\"wp-block-column is-layout-flow wp-block-column-is-layout-flow\"><\/div>\n<\/div>\n\n\n\n<div class=\"wp-block-columns is-layout-flex wp-container-core-columns-is-layout-9d6595d7 wp-block-columns-is-layout-flex\">\n<div class=\"wp-block-column is-layout-flow wp-block-column-is-layout-flow\"><\/div>\n\n\n\n<div class=\"wp-block-column is-layout-flow wp-block-column-is-layout-flow\"><\/div>\n<\/div>\n\n\n\n<div class=\"wp-block-columns is-layout-flex wp-container-core-columns-is-layout-9d6595d7 wp-block-columns-is-layout-flex\">\n<div class=\"wp-block-column is-layout-flow wp-block-column-is-layout-flow\"><\/div>\n\n\n\n<div class=\"wp-block-column is-layout-flow wp-block-column-is-layout-flow\"><\/div>\n<\/div>\n\n\n\n<p><\/p>\n","protected":false},"excerpt":{"rendered":"<p>B\u0130LET ALMA \u0130\u015eLEMLER\u0130N\u0130Z\u0130 NERG\u0130Z KIZILAY G\u0130\u015eE veya ONL\u0130NE OLARAK www.biletinial.com ve www.bubilet.com , www.firsatbufirsat.com \u00fczerinden ger\u00e7ekle\u015ftirebilirsini 30 Ocak 2026 Saat: 20:00 Salon -1 14 \u015eubat 2026 Saat : 20:00 Salon -2 01 \u015eubat 2026 Pazar 20:00 Salon-2 6 &#8211; 21 &#8211; 28 \u015eubat 2026 Saat: 200 Salon &#8211; 1<\/p>\n","protected":false},"author":1,"featured_media":0,"parent":0,"menu_order":0,"comment_status":"closed","ping_status":"closed","template":"","meta":{"_price":"","_stock":"","_tribe_ticket_header":"","_tribe_default_ticket_provider":"","_tribe_ticket_capacity":"0","_ticket_start_date":"","_ticket_end_date":"","_tribe_ticket_show_description":"","_tribe_ticket_show_not_going":false,"_tribe_ticket_use_global_stock":"","_tribe_ticket_global_stock_level":"","_global_stock_mode":"","_global_stock_cap":"","_tribe_rsvp_for_event":"","_tribe_ticket_going_count":"","_tribe_ticket_not_going_count":"","_tribe_tickets_list":[],"_tribe_ticket_has_attendee_info_fields":false,"footnotes":""},"class_list":["post-432","page","type-page","status-publish","hentry"],"ticketed":false,"_links":{"self":[{"href":"http:\/\/www.nergizkultursanat.com\/index.php?rest_route=\/wp\/v2\/pages\/432","targetHints":{"allow":["GET"]}}],"collection":[{"href":"http:\/\/www.nergizkultursanat.com\/index.php?rest_route=\/wp\/v2\/pages"}],"about":[{"href":"http:\/\/www.nergizkultursanat.com\/index.php?rest_route=\/wp\/v2\/types\/page"}],"author":[{"embeddable":true,"href":"http:\/\/www.nergizkultursanat.com\/index.php?rest_route=\/wp\/v2\/users\/1"}],"replies":[{"embeddable":true,"href":"http:\/\/www.nergizkultursanat.com\/index.php?rest_route=%2Fwp%2Fv2%2Fcomments&post=432"}],"version-history":[{"count":18,"href":"http:\/\/www.nergizkultursanat.com\/index.php?rest_route=\/wp\/v2\/pages\/432\/revisions"}],"predecessor-version":[{"id":586,"href":"http:\/\/www.nergizkultursanat.com\/index.php?rest_route=\/wp\/v2\/pages\/432\/revisions\/586"}],"wp:attachment":[{"href":"http:\/\/www.nergizkultursanat.com\/index.php?rest_route=%2Fwp%2Fv2%2Fmedia&parent=432"}],"curies":[{"name":"wp","href":"https:\/\/api.w.org\/{rel}","templated":true}]}}