{"id":448,"date":"2022-01-26T22:50:50","date_gmt":"2022-01-26T19:50:50","guid":{"rendered":"http:\/\/www.nergizkultursanat.com\/?page_id=448"},"modified":"2022-04-10T11:25:54","modified_gmt":"2022-04-10T08:25:54","slug":"gise-bilet-satis","status":"publish","type":"page","link":"http:\/\/www.nergizkultursanat.com\/?page_id=448","title":{"rendered":"Gi\u015fe Bilet Sat\u0131\u015f"},"content":{"rendered":"\n<p>ETK\u0130NL\u0130K SAYFAMIZI \u0130NCELEMEK VE B\u0130LET ALMAK \u0130\u00c7\u0130N <strong><a href=\"https:\/\/gise.nergizkultursanat.com\/etkinlik-listesi.php\" target=\"_blank\" rel=\"noreferrer noopener\">TIKLAYINIZ<\/a><\/strong><\/p>\n","protected":false},"excerpt":{"rendered":"<p>ETK\u0130NL\u0130K SAYFAMIZI \u0130NCELEMEK VE B\u0130LET ALMAK \u0130\u00c7\u0130N TIKLAYINIZ<\/p>\n","protected":false},"author":1,"featured_media":0,"parent":0,"menu_order":0,"comment_status":"closed","ping_status":"closed","template":"","meta":{"_price":"","_stock":"","_tribe_ticket_header":"","_tribe_default_ticket_provider":"","_tribe_ticket_capacity":"0","_ticket_start_date":"","_ticket_end_date":"","_tribe_ticket_show_description":"","_tribe_ticket_show_not_going":false,"_tribe_ticket_use_global_stock":"","_tribe_ticket_global_stock_level":"","_global_stock_mode":"","_global_stock_cap":"","_tribe_rsvp_for_event":"","_tribe_ticket_going_count":"","_tribe_ticket_not_going_count":"","_tribe_tickets_list":[],"_tribe_ticket_has_attendee_info_fields":false,"footnotes":""},"class_list":["post-448","page","type-page","status-publish","hentry"],"ticketed":false,"_links":{"self":[{"href":"http:\/\/www.nergizkultursanat.com\/index.php?rest_route=\/wp\/v2\/pages\/448","targetHints":{"allow":["GET"]}}],"collection":[{"href":"http:\/\/www.nergizkultursanat.com\/index.php?rest_route=\/wp\/v2\/pages"}],"about":[{"href":"http:\/\/www.nergizkultursanat.com\/index.php?rest_route=\/wp\/v2\/types\/page"}],"author":[{"embeddable":true,"href":"http:\/\/www.nergizkultursanat.com\/index.php?rest_route=\/wp\/v2\/users\/1"}],"replies":[{"embeddable":true,"href":"http:\/\/www.nergizkultursanat.com\/index.php?rest_route=%2Fwp%2Fv2%2Fcomments&post=448"}],"version-history":[{"count":15,"href":"http:\/\/www.nergizkultursanat.com\/index.php?rest_route=\/wp\/v2\/pages\/448\/revisions"}],"predecessor-version":[{"id":516,"href":"http:\/\/www.nergizkultursanat.com\/index.php?rest_route=\/wp\/v2\/pages\/448\/revisions\/516"}],"wp:attachment":[{"href":"http:\/\/www.nergizkultursanat.com\/index.php?rest_route=%2Fwp%2Fv2%2Fmedia&parent=448"}],"curies":[{"name":"wp","href":"https:\/\/api.w.org\/{rel}","templated":true}]}}