{"id":82,"date":"2020-06-03T20:55:10","date_gmt":"2020-06-03T17:55:10","guid":{"rendered":"http:\/\/www.nergizkultursanat.com\/hakkimizda\/"},"modified":"2021-10-12T10:23:58","modified_gmt":"2021-10-12T07:23:58","slug":"hakkimizda","status":"publish","type":"page","link":"http:\/\/www.nergizkultursanat.com\/?page_id=82","title":{"rendered":"Hakk\u0131m\u0131zda"},"content":{"rendered":"\n<figure class=\"wp-block-image size-large\"><img loading=\"lazy\" decoding=\"async\" width=\"1024\" height=\"534\" src=\"http:\/\/www.nergizkultursanat.com\/wp-content\/uploads\/2021\/10\/about-1024x534.jpg\" alt=\"\" class=\"wp-image-87\" srcset=\"http:\/\/www.nergizkultursanat.com\/wp-content\/uploads\/2021\/10\/about-1024x534.jpg 1024w, http:\/\/www.nergizkultursanat.com\/wp-content\/uploads\/2021\/10\/about-300x157.jpg 300w, http:\/\/www.nergizkultursanat.com\/wp-content\/uploads\/2021\/10\/about-768x401.jpg 768w, http:\/\/www.nergizkultursanat.com\/wp-content\/uploads\/2021\/10\/about.jpg 1320w\" sizes=\"auto, (max-width: 1024px) 100vw, 1024px\" \/><\/figure>\n\n\n\n<div class=\"wp-block-safirtema-mainheading singleHeading mainHeading\"><div class=\"inner\"><div class=\"icon safiricon\"><svg class=\"safiricon-kurumsal\"><use href=\"#safiricon-kurumsal\"><\/use><\/svg><\/div><div class=\"text\">\u0130maj WordPress Temas\u0131<\/div><\/div><\/div>\n\n\n\n<p>Lorem ipsum dolor sit amet, consetetur sadipscing elitr, sed diam nonumy eirmod tempor invidunt ut labore et dolore magna aliquyam erat, sed diam voluptua. At vero eos et accusam et justo duo dolores et ea rebum. Stet clita kasd gubergren, no sea takimata sanctus est Lorem ipsum dolor sit amet. Lorem ipsum dolor sit amet, consetetur sadipscing elitr, sed diam nonumy eirmod tempor invidunt ut labore et dolore magna aliquyam erat, sed diam voluptua.&nbsp;<strong>At vero eos et accusam et justo duo dolores<\/strong>&nbsp;et ea rebum. Stet clita kasd gubergren, no sea takimata sanctus est Lorem ipsum dolor sit amet. Lorem ipsum dolor sit amet, consetetur sadipscing elitr, sed diam nonumy eirmod tempor invidunt ut labore et dolore magna aliquyam erat, sed diam voluptua. At vero eos et accusam et justo duo dolores et ea rebum. Stet clita kasd gubergren, no sea takimata sanctus est&nbsp;<a href=\"http:\/\/safirdemo.com\/denge\/hakkimizda\/#\">Lorem ipsum<\/a>&nbsp;dolor sit amet.<\/p>\n\n\n\n<div class=\"wp-block-safirtema-mainheading singleHeading mainHeading\"><div class=\"inner\"><div class=\"icon safiricon\"><svg class=\"safiricon-takim3\"><use href=\"#safiricon-takim3\"><\/use><\/svg><\/div><div class=\"text\">\u00c7\u00f6z\u00fcm Orta\u011f\u0131n\u0131z<\/div><\/div><\/div>\n\n\n\n<div class=\"safir-list\" data-col=\"1\"><ul class=\"wp-block-list\"><li>At vero eos et accusam et justo duo dolores et ea rebum. <\/li><li>Stet clita kasd gubergren, no sea takimata sanctus est. <\/li><li>Lorem ipsum dolor sit amet. <\/li><li>Lorem ipsum dolor sit amet, consetetur sadipscing elitr.<\/li><\/ul><\/div>\n\n\n\n<p>Lorem ipsum dolor sit amet. Lorem ipsum dolor sit amet, consetetur sadipscing elitr. Lorem ipsum dolor sit amet. Lorem ipsum dolor sit amet, consetetur sadipscing elitr.<\/p>\n\n\n\n<div class=\"wp-block-safirtema-mainheading singleHeading mainHeading\"><div class=\"inner\"><div class=\"icon safiricon\"><svg class=\"safiricon-soru\"><use href=\"#safiricon-soru\"><\/use><\/svg><\/div><div class=\"text\">Merak Ettikleriniz<\/div><\/div><\/div>\n\n\n\n<div class=\"wp-block-safirtema-sorucevap safir-faq\"><div class=\"question\"><div class=\"safiricon icon\"><svg class=\"safiricon-soru\"><use href=\"#safiricon-soru\"><\/use><\/svg><\/div><span class=\"text\">At vero eos et accusam et justo duo dolores et ea rebum?<\/span><div class=\"openclose plus\"><\/div><\/div><p class=\"answer\">Stet clita kasd gubergren, no sea takimata sanctus est Lorem ipsum dolor sit amet. Lorem ipsum dolor sit amet, consetetur sadipscing elitr, sed diam nonumy eirmod tempor invidunt ut labore et dolore magna aliquyam erat, sed diam voluptua. <strong>At vero eos et accusam<\/strong> et justo duo dolores et ea rebum. Stet clita kasd gubergren, no sea takimata sanctus est Lorem ipsum dolor sit amet. Lorem ipsum dolor sit amet, consetetur sadipscing elitr, At accusam aliquyam diam diam <a href=\"#\">dolore dolores<\/a> duo eirmod eos erat, et nonumy sed tempor et et invidunt justo labore Stet clita ea et gubergren, kasd magna no rebum. sanctus sea sed takimata ut vero voluptua. est Lorem ipsum dolor sit amet. Lorem ipsum dolor sit amet, consetetur sadipscing elitr, sed diam nonumy eirmod tempor invidunt ut labore et dolore magna aliquyam erat.<\/p><\/div>\n\n\n\n<div class=\"wp-block-safirtema-sorucevap safir-faq\"><div class=\"question\"><div class=\"safiricon icon\"><svg class=\"safiricon-soru\"><use href=\"#safiricon-soru\"><\/use><\/svg><\/div><span class=\"text\">Stet clita kasd gubergren?<\/span><div class=\"openclose plus\"><\/div><\/div><p class=\"answer\">No sea takimata sanctus est Lorem ipsum dolor sit amet. Lorem ipsum dolor sit amet, consetetur sadipscing elitr, sed diam nonumy eirmod tempor invidunt ut labore et dolore magna aliquyam erat, sed diam voluptua. At vero eos et accusam et justo duo dolores et ea rebum. Stet clita kasd gubergren, no sea takimata sanctus est Lorem ipsum dolor sit amet. Lorem ipsum dolor sit amet, consetetur sadipscing elitr, At accusam aliquyam diam diam dolore dolores duo eirmod eos erat, et nonumy sed tempor et et invidunt justo labore Stet clita ea et gubergren, kasd magna no rebum. sanctus sea sed takimata ut vero voluptua. est Lorem ipsum dolor sit amet. Lorem ipsum dolor sit amet, consetetur sadipscing elitr, sed diam nonumy eirmod tempor invidunt ut labore et dolore magna aliquyam erat.<\/p><\/div>\n\n\n\n<p>At vero eos et accusam et justo duo dolores et ea rebum. Stet clita kasd gubergren, no sea takimata sanctus est Lorem ipsum dolor sit amet. Lorem ipsum dolor sit amet, consetetur sadipscing elitr, sed diam nonumy eirmod tempor invidunt ut labore et dolore magna aliquyam erat, sed diam voluptua. At vero eos et accusam et justo duo dolores et ea rebum.<\/p>\n\n\n\n<div class=\"wp-block-safirtema-bgtext descriptionbox railways\"><div class=\"inner\"><div class=\"icon safiricon\"><svg class=\"safiricon-istatistik\"><use href=\"#safiricon-istatistik\"><\/use><\/svg><\/div><div class=\"header\">B\u00fcy\u00fck A\u00e7\u0131klama Kutusu<\/div><div class=\"content\">Bu Gutenberg blo\u011fu ile ikonlu ve arkaplanl\u0131 bir metin ve a\u00e7\u0131klama ekleyebilirsiniz.<\/div><\/div><\/div>\n\n\n\n<p>Stet clita kasd gubergren, no sea takimata sanctus est Lorem ipsum dolor sit amet. Lorem ipsum dolor sit amet, consetetur sadipscing elitr, At accusam aliquyam diam diam dolore dolores duo eirmod eos erat, et nonumy sed tempor et et invidunt justo labore Stet clita ea et gubergren, kasd magna no rebum. sanctus sea sed takimata ut vero voluptua. est Lorem ipsum dolor sit amet. Lorem ipsum dolor sit amet, consetetur sadipscing elitr, sed diam nonumy eirmod tempor invidunt ut labore et dolore magna aliquyam erat.<\/p>\n\n\n\n<a class=\"wp-block-safirtema-safirbutton safirButton\" href=\"#\" rel=\"external\"><div class=\"icon safiricon\"><svg class=\"safiricon-video\"><use href=\"#safiricon-video\"><\/use><\/svg><\/div>Edit\u00f6rden Eklenebilen \u0130konlu Button<\/a>\n\n\n\n<p>No sea takimata sanctus est Lorem ipsum dolor sit amet. Lorem ipsum dolor sit amet, consetetur sadipscing elitr, sed diam nonumy eirmod tempor invidunt ut labore et dolore magna aliquyam erat, sed diam voluptua. At vero eos et accusam et justo duo dolores et ea rebum. Stet clita kasd gubergren, no sea takimata sanctus est Lorem ipsum dolor sit amet. Lorem ipsum dolor sit amet, consetetur sadipscing elitr, At accusam aliquyam diam diam dolore dolores duo eirmod eos erat, et nonumy sed tempor et et invidunt justo labore Stet clita ea et gubergren, kasd magna no rebum. sanctus sea sed takimata ut vero voluptua. est Lorem ipsum dolor sit amet. Lorem ipsum dolor sit amet, consetetur sadipscing elitr, sed diam nonumy eirmod tempor invidunt ut labore et dolore magna aliquyam erat.<\/p>\n\n\n\n<div class=\"wp-block-columns is-layout-flex wp-container-core-columns-is-layout-9d6595d7 wp-block-columns-is-layout-flex\">\n<div class=\"wp-block-column is-layout-flow wp-block-column-is-layout-flow\">\n<div class=\"wp-block-safirtema-mainheading singleHeading mainHeading\"><div class=\"inner\"><div class=\"icon safiricon\"><svg class=\"safiricon-lamba\"><use href=\"#safiricon-lamba\"><\/use><\/svg><\/div><div class=\"text\">Misyonumuz<\/div><\/div><\/div>\n\n\n\n<p>No sea takimata sanctus est Lorem ipsum dolor sit amet. Lorem ipsum dolor sit amet, consetetur sadipscing elitr, sed diam nonumy eirmod tempor invidunt ut labore et dolore magna aliquyam erat, sed diam voluptua. At vero eos et accusam et justo duo dolores et ea rebum. <\/p>\n<\/div>\n\n\n\n<div class=\"wp-block-column is-layout-flow wp-block-column-is-layout-flow\">\n<div class=\"wp-block-safirtema-mainheading singleHeading mainHeading\"><div class=\"inner\"><div class=\"icon safiricon\"><svg class=\"safiricon-anlasma\"><use href=\"#safiricon-anlasma\"><\/use><\/svg><\/div><div class=\"text\">Vizyonumuz<\/div><\/div><\/div>\n\n\n\n<p>No sea takimata sanctus est Lorem ipsum dolor sit amet. Lorem ipsum dolor sit amet, consetetur sadipscing elitr, sed diam nonumy eirmod tempor invidunt ut labore et dolore magna aliquyam erat, sed diam voluptua. At vero eos et accusam et justo duo dolores et ea rebum.<\/p>\n<\/div>\n<\/div>\n","protected":false},"excerpt":{"rendered":"<p>Lorem ipsum dolor sit amet, consetetur sadipscing elitr, sed diam nonumy eirmod tempor invidunt ut labore et dolore magna aliquyam erat, sed diam voluptua. At vero eos et accusam et justo duo dolores et ea rebum. Stet clita kasd gubergren, no sea takimata sanctus est Lorem ipsum dolor sit amet. Lorem ipsum dolor sit amet, [&hellip;]<\/p>\n","protected":false},"author":1,"featured_media":0,"parent":0,"menu_order":0,"comment_status":"closed","ping_status":"closed","template":"","meta":{"_price":"","_stock":"","_tribe_ticket_header":"","_tribe_default_ticket_provider":"","_tribe_ticket_capacity":"0","_ticket_start_date":"","_ticket_end_date":"","_tribe_ticket_show_description":"","_tribe_ticket_show_not_going":false,"_tribe_ticket_use_global_stock":"","_tribe_ticket_global_stock_level":"","_global_stock_mode":"","_global_stock_cap":"","_tribe_rsvp_for_event":"","_tribe_ticket_going_count":"","_tribe_ticket_not_going_count":"","_tribe_tickets_list":[],"_tribe_ticket_has_attendee_info_fields":false,"footnotes":""},"class_list":["post-82","page","type-page","status-publish","hentry"],"ticketed":false,"_links":{"self":[{"href":"http:\/\/www.nergizkultursanat.com\/index.php?rest_route=\/wp\/v2\/pages\/82","targetHints":{"allow":["GET"]}}],"collection":[{"href":"http:\/\/www.nergizkultursanat.com\/index.php?rest_route=\/wp\/v2\/pages"}],"about":[{"href":"http:\/\/www.nergizkultursanat.com\/index.php?rest_route=\/wp\/v2\/types\/page"}],"author":[{"embeddable":true,"href":"http:\/\/www.nergizkultursanat.com\/index.php?rest_route=\/wp\/v2\/users\/1"}],"replies":[{"embeddable":true,"href":"http:\/\/www.nergizkultursanat.com\/index.php?rest_route=%2Fwp%2Fv2%2Fcomments&post=82"}],"version-history":[{"count":4,"href":"http:\/\/www.nergizkultursanat.com\/index.php?rest_route=\/wp\/v2\/pages\/82\/revisions"}],"predecessor-version":[{"id":91,"href":"http:\/\/www.nergizkultursanat.com\/index.php?rest_route=\/wp\/v2\/pages\/82\/revisions\/91"}],"wp:attachment":[{"href":"http:\/\/www.nergizkultursanat.com\/index.php?rest_route=%2Fwp%2Fv2%2Fmedia&parent=82"}],"curies":[{"name":"wp","href":"https:\/\/api.w.org\/{rel}","templated":true}]}}